{"id":1793,"date":"2018-01-31T17:02:23","date_gmt":"2018-01-31T16:02:23","guid":{"rendered":"https:\/\/massage-bebe.ch\/?page_id=1793"},"modified":"2022-09-27T09:54:45","modified_gmt":"2022-09-27T07:54:45","slug":"impressum","status":"publish","type":"page","link":"https:\/\/www.massage-bebe.ch\/de\/impressum\/","title":{"rendered":"Impressum"},"content":{"rendered":"<h2>Kontaktadresse<\/h2>\n<p>Lisa Filipe<br \/>\nChemin de la Colline 8<br \/>\n1007 Lausanne<br \/>\n+41 76 575 64 14<br \/>\nadmin@filipe.ch<\/p>\n<h2>Haftungsausschluss<\/h2>\n<p>Der Autor \u00fcbernimmt keinerlei Gew\u00e4hr hinsichtlich der inhaltlichen Richtigkeit, Genauigkeit, Aktualit\u00e4t, Zuverl\u00e4ssigkeit und Vollst\u00e4ndigkeit der Informationen.<\/p>\n<p>Haftungsanspr\u00fcche gegen den Autor wegen Sch\u00e4den materieller oder immaterieller Art, welche aus dem Zugriff oder der Nutzung bzw. Nichtnutzung der ver\u00f6ffentlichten Informationen, durch Missbrauch der Verbindung oder durch technische St\u00f6rungen entstanden sind, werden ausgeschlossen.<\/p>\n<p>Alle Angebote sind unverbindlich. Der Autor beh\u00e4lt es sich ausdr\u00fccklich vor, Teile der Seiten oder das gesamte Angebot ohne gesonderte Ank\u00fcndigung zu ver\u00e4ndern, zu erg\u00e4nzen, zu l\u00f6schen oder die Ver\u00f6ffentlichung zeitweise oder endg\u00fcltig einzustellen.<\/p>\n<h2>Haftung f\u00fcr Links<\/h2>\n<p>Verweise und Links auf Webseiten Dritter liegen ausserhalb unseres Verantwortungsbereichs Es wird jegliche Verantwortung f\u00fcr solche Webseiten abgelehnt. Der Zugriff und die Nutzung solcher Webseiten erfolgen auf eigene Gefahr des Nutzers oder der Nutzerin.<\/p>\n<h2>Urheberrechte<\/h2>\n<p>Die Urheber- und alle anderen Rechte an Inhalten, Bildern, Fotos oder anderen Dateien auf der Website geh\u00f6ren ausschliesslich oder den speziell genannten Rechtsinhabern. F\u00fcr die Reproduktion jeglicher Elemente ist die schriftliche Zustimmung der Urheberrechtstr\u00e4ger im Voraus einzuholen.<\/p>\n","protected":false},"excerpt":{"rendered":"<p>Kontaktadresse Lisa Filipe Chemin de la Colline 8 1007 Lausanne +41 76 575 64 14 admin@filipe.ch Haftungsausschluss Der Autor \u00fcbernimmt keinerlei Gew\u00e4hr hinsichtlich der inhaltlichen Richtigkeit, Genauigkeit, Aktualit\u00e4t, Zuverl\u00e4ssigkeit und Vollst\u00e4ndigkeit der Informationen. Haftungsanspr\u00fcche gegen den Autor wegen Sch\u00e4den materieller oder immaterieller Art, welche aus&#8230;<\/p>\n","protected":false},"author":1,"featured_media":0,"parent":0,"menu_order":0,"comment_status":"closed","ping_status":"closed","template":"","meta":{"jetpack_post_was_ever_published":false,"footnotes":""},"class_list":["post-1793","page","type-page","status-publish","hentry"],"yoast_head":"<!-- This site is optimized with the Yoast SEO plugin v22.1 - https:\/\/yoast.com\/wordpress\/plugins\/seo\/ -->\n<title>Impressum - Lisa Filipe<\/title>\n<meta name=\"robots\" content=\"index, follow, max-snippet:-1, max-image-preview:large, max-video-preview:-1\" \/>\n<link rel=\"canonical\" href=\"https:\/\/www.massage-bebe.ch\/de\/impressum\/\" \/>\n<meta property=\"og:locale\" content=\"de_DE\" \/>\n<meta property=\"og:type\" content=\"article\" \/>\n<meta property=\"og:title\" content=\"Impressum - Lisa Filipe\" \/>\n<meta property=\"og:description\" content=\"Kontaktadresse Lisa Filipe Chemin de la Colline 8 1007 Lausanne +41 76 575 64 14 admin@filipe.ch Haftungsausschluss Der Autor \u00fcbernimmt keinerlei Gew\u00e4hr hinsichtlich der inhaltlichen Richtigkeit, Genauigkeit, Aktualit\u00e4t, Zuverl\u00e4ssigkeit und Vollst\u00e4ndigkeit der Informationen. Haftungsanspr\u00fcche gegen den Autor wegen Sch\u00e4den materieller oder immaterieller Art, welche aus...\" \/>\n<meta property=\"og:url\" content=\"https:\/\/www.massage-bebe.ch\/de\/impressum\/\" \/>\n<meta property=\"og:site_name\" content=\"Lisa Filipe\" \/>\n<meta property=\"article:publisher\" content=\"https:\/\/www.facebook.com\/Lisa-Filipe-968283666654369\/\" \/>\n<meta property=\"article:modified_time\" content=\"2022-09-27T07:54:45+00:00\" \/>\n<meta name=\"twitter:card\" content=\"summary_large_image\" \/>\n<meta name=\"twitter:label1\" content=\"Gesch\u00e4tzte Lesezeit\" \/>\n\t<meta name=\"twitter:data1\" content=\"1 Minute\" \/>\n<script type=\"application\/ld+json\" class=\"yoast-schema-graph\">{\"@context\":\"https:\/\/schema.org\",\"@graph\":[{\"@type\":\"WebPage\",\"@id\":\"https:\/\/www.massage-bebe.ch\/de\/impressum\/\",\"url\":\"https:\/\/www.massage-bebe.ch\/de\/impressum\/\",\"name\":\"Impressum - Lisa Filipe\",\"isPartOf\":{\"@id\":\"https:\/\/www.massage-bebe.ch\/#website\"},\"datePublished\":\"2018-01-31T16:02:23+00:00\",\"dateModified\":\"2022-09-27T07:54:45+00:00\",\"breadcrumb\":{\"@id\":\"https:\/\/www.massage-bebe.ch\/de\/impressum\/#breadcrumb\"},\"inLanguage\":\"de-CH\",\"potentialAction\":[{\"@type\":\"ReadAction\",\"target\":[\"https:\/\/www.massage-bebe.ch\/de\/impressum\/\"]}]},{\"@type\":\"BreadcrumbList\",\"@id\":\"https:\/\/www.massage-bebe.ch\/de\/impressum\/#breadcrumb\",\"itemListElement\":[{\"@type\":\"ListItem\",\"position\":1,\"name\":\"Home\",\"item\":\"https:\/\/www.massage-bebe.ch\/de\/\"},{\"@type\":\"ListItem\",\"position\":2,\"name\":\"Impressum\"}]},{\"@type\":\"WebSite\",\"@id\":\"https:\/\/www.massage-bebe.ch\/#website\",\"url\":\"https:\/\/www.massage-bebe.ch\/\",\"name\":\"Lisa Filipe\",\"description\":\"Cours massage b\u00e9b\u00e9 selon la tradition Newar \u00e0 Lausanne\",\"publisher\":{\"@id\":\"https:\/\/www.massage-bebe.ch\/#organization\"},\"potentialAction\":[{\"@type\":\"SearchAction\",\"target\":{\"@type\":\"EntryPoint\",\"urlTemplate\":\"https:\/\/www.massage-bebe.ch\/?s={search_term_string}\"},\"query-input\":\"required name=search_term_string\"}],\"inLanguage\":\"de-CH\"},{\"@type\":\"Organization\",\"@id\":\"https:\/\/www.massage-bebe.ch\/#organization\",\"name\":\"Lisa Filipe - Massage b\u00e9b\u00e9\",\"url\":\"https:\/\/www.massage-bebe.ch\/\",\"logo\":{\"@type\":\"ImageObject\",\"inLanguage\":\"de-CH\",\"@id\":\"https:\/\/www.massage-bebe.ch\/#\/schema\/logo\/image\/\",\"url\":\"https:\/\/i0.wp.com\/www.massage-bebe.ch\/wp-content\/uploads\/2018\/01\/logo-dark.png?fit=1200%2C1151&ssl=1\",\"contentUrl\":\"https:\/\/i0.wp.com\/www.massage-bebe.ch\/wp-content\/uploads\/2018\/01\/logo-dark.png?fit=1200%2C1151&ssl=1\",\"width\":1200,\"height\":1151,\"caption\":\"Lisa Filipe - Massage b\u00e9b\u00e9\"},\"image\":{\"@id\":\"https:\/\/www.massage-bebe.ch\/#\/schema\/logo\/image\/\"},\"sameAs\":[\"https:\/\/www.facebook.com\/Lisa-Filipe-968283666654369\/\",\"https:\/\/www.instagram.com\/lisafilipe.nalu\/\",\"https:\/\/www.linkedin.com\/company\/lisa-filipe\/\",\"https:\/\/www.youtube.com\/channel\/UCK156HcPoNnOuZYHmYRj_RQ\"]}]}<\/script>\n<!-- \/ Yoast SEO plugin. -->","yoast_head_json":{"title":"Impressum - Lisa Filipe","robots":{"index":"index","follow":"follow","max-snippet":"max-snippet:-1","max-image-preview":"max-image-preview:large","max-video-preview":"max-video-preview:-1"},"canonical":"https:\/\/www.massage-bebe.ch\/de\/impressum\/","og_locale":"de_DE","og_type":"article","og_title":"Impressum - Lisa Filipe","og_description":"Kontaktadresse Lisa Filipe Chemin de la Colline 8 1007 Lausanne +41 76 575 64 14 admin@filipe.ch Haftungsausschluss Der Autor \u00fcbernimmt keinerlei Gew\u00e4hr hinsichtlich der inhaltlichen Richtigkeit, Genauigkeit, Aktualit\u00e4t, Zuverl\u00e4ssigkeit und Vollst\u00e4ndigkeit der Informationen. Haftungsanspr\u00fcche gegen den Autor wegen Sch\u00e4den materieller oder immaterieller Art, welche aus...","og_url":"https:\/\/www.massage-bebe.ch\/de\/impressum\/","og_site_name":"Lisa Filipe","article_publisher":"https:\/\/www.facebook.com\/Lisa-Filipe-968283666654369\/","article_modified_time":"2022-09-27T07:54:45+00:00","twitter_card":"summary_large_image","twitter_misc":{"Gesch\u00e4tzte Lesezeit":"1 Minute"},"schema":{"@context":"https:\/\/schema.org","@graph":[{"@type":"WebPage","@id":"https:\/\/www.massage-bebe.ch\/de\/impressum\/","url":"https:\/\/www.massage-bebe.ch\/de\/impressum\/","name":"Impressum - Lisa Filipe","isPartOf":{"@id":"https:\/\/www.massage-bebe.ch\/#website"},"datePublished":"2018-01-31T16:02:23+00:00","dateModified":"2022-09-27T07:54:45+00:00","breadcrumb":{"@id":"https:\/\/www.massage-bebe.ch\/de\/impressum\/#breadcrumb"},"inLanguage":"de-CH","potentialAction":[{"@type":"ReadAction","target":["https:\/\/www.massage-bebe.ch\/de\/impressum\/"]}]},{"@type":"BreadcrumbList","@id":"https:\/\/www.massage-bebe.ch\/de\/impressum\/#breadcrumb","itemListElement":[{"@type":"ListItem","position":1,"name":"Home","item":"https:\/\/www.massage-bebe.ch\/de\/"},{"@type":"ListItem","position":2,"name":"Impressum"}]},{"@type":"WebSite","@id":"https:\/\/www.massage-bebe.ch\/#website","url":"https:\/\/www.massage-bebe.ch\/","name":"Lisa Filipe","description":"Cours massage b\u00e9b\u00e9 selon la tradition Newar \u00e0 Lausanne","publisher":{"@id":"https:\/\/www.massage-bebe.ch\/#organization"},"potentialAction":[{"@type":"SearchAction","target":{"@type":"EntryPoint","urlTemplate":"https:\/\/www.massage-bebe.ch\/?s={search_term_string}"},"query-input":"required name=search_term_string"}],"inLanguage":"de-CH"},{"@type":"Organization","@id":"https:\/\/www.massage-bebe.ch\/#organization","name":"Lisa Filipe - Massage b\u00e9b\u00e9","url":"https:\/\/www.massage-bebe.ch\/","logo":{"@type":"ImageObject","inLanguage":"de-CH","@id":"https:\/\/www.massage-bebe.ch\/#\/schema\/logo\/image\/","url":"https:\/\/i0.wp.com\/www.massage-bebe.ch\/wp-content\/uploads\/2018\/01\/logo-dark.png?fit=1200%2C1151&ssl=1","contentUrl":"https:\/\/i0.wp.com\/www.massage-bebe.ch\/wp-content\/uploads\/2018\/01\/logo-dark.png?fit=1200%2C1151&ssl=1","width":1200,"height":1151,"caption":"Lisa Filipe - Massage b\u00e9b\u00e9"},"image":{"@id":"https:\/\/www.massage-bebe.ch\/#\/schema\/logo\/image\/"},"sameAs":["https:\/\/www.facebook.com\/Lisa-Filipe-968283666654369\/","https:\/\/www.instagram.com\/lisafilipe.nalu\/","https:\/\/www.linkedin.com\/company\/lisa-filipe\/","https:\/\/www.youtube.com\/channel\/UCK156HcPoNnOuZYHmYRj_RQ"]}]}},"jetpack_sharing_enabled":true,"jetpack-related-posts":[],"_links":{"self":[{"href":"https:\/\/www.massage-bebe.ch\/de\/wp-json\/wp\/v2\/pages\/1793","targetHints":{"allow":["GET"]}}],"collection":[{"href":"https:\/\/www.massage-bebe.ch\/de\/wp-json\/wp\/v2\/pages"}],"about":[{"href":"https:\/\/www.massage-bebe.ch\/de\/wp-json\/wp\/v2\/types\/page"}],"author":[{"embeddable":true,"href":"https:\/\/www.massage-bebe.ch\/de\/wp-json\/wp\/v2\/users\/1"}],"replies":[{"embeddable":true,"href":"https:\/\/www.massage-bebe.ch\/de\/wp-json\/wp\/v2\/comments?post=1793"}],"version-history":[{"count":3,"href":"https:\/\/www.massage-bebe.ch\/de\/wp-json\/wp\/v2\/pages\/1793\/revisions"}],"predecessor-version":[{"id":11501,"href":"https:\/\/www.massage-bebe.ch\/de\/wp-json\/wp\/v2\/pages\/1793\/revisions\/11501"}],"wp:attachment":[{"href":"https:\/\/www.massage-bebe.ch\/de\/wp-json\/wp\/v2\/media?parent=1793"}],"curies":[{"name":"wp","href":"https:\/\/api.w.org\/{rel}","templated":true}]}}