{"id":2728,"date":"2019-03-06T06:12:48","date_gmt":"2019-03-06T05:12:48","guid":{"rendered":"https:\/\/massage-bebe.ch\/?page_id=2728"},"modified":"2019-03-08T22:42:03","modified_gmt":"2019-03-08T21:42:03","slug":"babymassage-booklet","status":"publish","type":"page","link":"https:\/\/www.massage-bebe.ch\/de\/babymassage-booklet\/","title":{"rendered":"Babymassage Booklet"},"content":{"rendered":"<p>[vc_section sep_img_width=&#187;100&#8243; el_id=&#187;babymassage&#187;][vc_row row_equal_height=&#187;yes&#187; parallax=&#187;content-moving&#187; santos_section_padding=&#187;padding-150&#8243; sep_img_width=&#187;100&#8243; full_height=&#187;yes&#187; css=&#187;.vc_custom_1519639400473{padding-right: 30px !important;padding-left: 30px !important;background-image: url(https:\/\/massage-bebe.ch\/wp-content\/uploads\/nepalesische-babymassage-lisa-filipe.jpg?id=1892) !important;}&#187; overlay_color=&#187;rgba(0,0,0,0.87)&#187; row_stick_col=&#187;false&#187;][vc_column width=&#187;1\/2&#8243; mobile_order=&#187;1&#8243;][vc_column_text]<\/p>\n<p style=\"text-align: center;\"><span style=\"color: #ffffff;\">Kostenloses Booklet:<br \/>\n\u00abBabymassage nach Newar-Tradition\u00bb<\/span><\/p>\n<p>[\/vc_column_text][vc_single_image image=&#187;2738&#8243; img_size=&#187;full&#187; alignment=&#187;center&#187; onclick=&#187;custom_link&#187; link=&#187;#ulp-UMlEf1ApJAL89Ifc&#187;][\/vc_column][vc_column width=&#187;1\/2&#8243; mobile_order=&#187;2&#8243; css=&#187;.vc_custom_1519641685656{padding-right: 30px !important;padding-left: 30px !important;}&#187;][vc_column_text]<\/p>\n<h1 class=\"white-color\"><span style=\"color: #ffffff;\">Wie Babymassage wirkt und eine tiefe Beziehung zu deinem Baby aufbaut<\/span><\/h1>\n<p>[\/vc_column_text][vc_empty_space][vc_column_text]<span style=\"color: #ffffff;\">Baue eine liebevolle, tiefe Beziehung zu deinem Baby auf, die ihm Selbstvertrauen auf den Weg gibt und euch zu einem guten Start ins gemeinsame Leben verhilft.<\/span>[\/vc_column_text][vc_empty_space height=&#187;50px&#187;][santos_button title=&#187;Jetzt downloaden&#187; text_color=&#187;#ffffff&#187; bg_color=&#187;#c7b299&#8243; align=&#187;left&#187; link=&#187;url:%23ulp-UMlEf1ApJAL89Ifc|title:Jetzt%20downloaden||&#187; el_class=&#187;hero-button-left&#187;][\/vc_column][\/vc_row][\/vc_section][vc_section sep_img_width=&#187;100&#8243;][vc_row sep_img_width=&#187;100&#8243; css=&#187;.vc_custom_1517308160656{background-color: #eeeeee !important;}&#187;][vc_column][santos_testimonial_box bg_color=&#187;#eeeeee&#187; quote=&#187;In den letzten 20 Jahren haben Babymassagen, die in fern\u00f6stlichen L\u00e4ndern eine lange Tradition haben, Eingang in unsere Kultur gefunden. Alle diese Aktivit\u00e4ten tragen zum k\u00f6rperlichen Wohlbefinden des Kindes bei und bereichern die Beziehung zwischen Kind und Eltern.&#187; name=&#187;Dr. Remo H. Largo&#187; position=&#187;Kinderarzt und Entwicklungsspezialist&#187; image=&#187;1692&#8243;][\/vc_column][\/vc_row][\/vc_section]<\/p>\n","protected":false},"excerpt":{"rendered":"<p>[vc_section sep_img_width=&#187;100&#8243; el_id=&#187;babymassage&#187;][vc_row row_equal_height=&#187;yes&#187; parallax=&#187;content-moving&#187; santos_section_padding=&#187;padding-150&#8243; sep_img_width=&#187;100&#8243; full_height=&#187;yes&#187; css=&#187;.vc_custom_1519639400473{padding-right: 30px !important;padding-left: 30px !important;background-image: url(https:\/\/massage-bebe.ch\/wp-content\/uploads\/nepalesische-babymassage-lisa-filipe.jpg?id=1892) !important;}&#187; overlay_color=&#187;rgba(0,0,0,0.87)&#187; row_stick_col=&#187;false&#187;][vc_column width=&#187;1\/2&#8243; mobile_order=&#187;1&#8243;][vc_column_text] Kostenloses Booklet: \u00abBabymassage nach Newar-Tradition\u00bb [\/vc_column_text][vc_single_image image=&#187;2738&#8243; img_size=&#187;full&#187; alignment=&#187;center&#187; onclick=&#187;custom_link&#187; link=&#187;#ulp-UMlEf1ApJAL89Ifc&#187;][\/vc_column][vc_column width=&#187;1\/2&#8243; mobile_order=&#187;2&#8243; css=&#187;.vc_custom_1519641685656{padding-right: 30px !important;padding-left: 30px !important;}&#187;][vc_column_text] Wie Babymassage wirkt und eine tiefe Beziehung zu&#8230;<\/p>\n","protected":false},"author":1,"featured_media":0,"parent":0,"menu_order":0,"comment_status":"closed","ping_status":"closed","template":"","meta":{"jetpack_post_was_ever_published":false,"footnotes":""},"class_list":["post-2728","page","type-page","status-publish","hentry"],"yoast_head":"<!-- This site is optimized with the Yoast SEO plugin v22.1 - https:\/\/yoast.com\/wordpress\/plugins\/seo\/ -->\n<title>Babymassage Booklet - Lisa Filipe<\/title>\n<meta name=\"robots\" content=\"index, follow, max-snippet:-1, max-image-preview:large, max-video-preview:-1\" \/>\n<link rel=\"canonical\" href=\"https:\/\/www.massage-bebe.ch\/de\/babymassage-booklet\/\" \/>\n<meta property=\"og:locale\" content=\"de_DE\" \/>\n<meta property=\"og:type\" content=\"article\" \/>\n<meta property=\"og:title\" content=\"Babymassage Booklet - Lisa Filipe\" \/>\n<meta property=\"og:description\" content=\"[vc_section sep_img_width=&#187;100&#8243; el_id=&#187;babymassage&#187;][vc_row row_equal_height=&#187;yes&#187; parallax=&#187;content-moving&#187; santos_section_padding=&#187;padding-150&#8243; sep_img_width=&#187;100&#8243; full_height=&#187;yes&#187; css=&#187;.vc_custom_1519639400473{padding-right: 30px !important;padding-left: 30px !important;background-image: url(https:\/\/massage-bebe.ch\/wp-content\/uploads\/nepalesische-babymassage-lisa-filipe.jpg?id=1892) !important;}&#187; overlay_color=&#187;rgba(0,0,0,0.87)&#187; row_stick_col=&#187;false&#187;][vc_column width=&#187;1\/2&#8243; mobile_order=&#187;1&#8243;][vc_column_text] Kostenloses Booklet: \u00abBabymassage nach Newar-Tradition\u00bb [\/vc_column_text][vc_single_image image=&#187;2738&#8243; img_size=&#187;full&#187; alignment=&#187;center&#187; onclick=&#187;custom_link&#187; link=&#187;#ulp-UMlEf1ApJAL89Ifc&#187;][\/vc_column][vc_column width=&#187;1\/2&#8243; mobile_order=&#187;2&#8243; css=&#187;.vc_custom_1519641685656{padding-right: 30px !important;padding-left: 30px !important;}&#187;][vc_column_text] Wie Babymassage wirkt und eine tiefe Beziehung zu...\" \/>\n<meta property=\"og:url\" content=\"https:\/\/www.massage-bebe.ch\/de\/babymassage-booklet\/\" \/>\n<meta property=\"og:site_name\" content=\"Lisa Filipe\" \/>\n<meta property=\"article:publisher\" content=\"https:\/\/www.facebook.com\/Lisa-Filipe-968283666654369\/\" \/>\n<meta property=\"article:modified_time\" content=\"2019-03-08T21:42:03+00:00\" \/>\n<meta name=\"twitter:card\" content=\"summary_large_image\" \/>\n<meta name=\"twitter:label1\" content=\"Gesch\u00e4tzte Lesezeit\" \/>\n\t<meta name=\"twitter:data1\" content=\"1 Minute\" \/>\n<script type=\"application\/ld+json\" class=\"yoast-schema-graph\">{\"@context\":\"https:\/\/schema.org\",\"@graph\":[{\"@type\":\"WebPage\",\"@id\":\"https:\/\/www.massage-bebe.ch\/de\/babymassage-booklet\/\",\"url\":\"https:\/\/www.massage-bebe.ch\/de\/babymassage-booklet\/\",\"name\":\"Babymassage Booklet - Lisa Filipe\",\"isPartOf\":{\"@id\":\"https:\/\/www.massage-bebe.ch\/#website\"},\"datePublished\":\"2019-03-06T05:12:48+00:00\",\"dateModified\":\"2019-03-08T21:42:03+00:00\",\"breadcrumb\":{\"@id\":\"https:\/\/www.massage-bebe.ch\/de\/babymassage-booklet\/#breadcrumb\"},\"inLanguage\":\"de-CH\",\"potentialAction\":[{\"@type\":\"ReadAction\",\"target\":[\"https:\/\/www.massage-bebe.ch\/de\/babymassage-booklet\/\"]}]},{\"@type\":\"BreadcrumbList\",\"@id\":\"https:\/\/www.massage-bebe.ch\/de\/babymassage-booklet\/#breadcrumb\",\"itemListElement\":[{\"@type\":\"ListItem\",\"position\":1,\"name\":\"Home\",\"item\":\"https:\/\/www.massage-bebe.ch\/de\/\"},{\"@type\":\"ListItem\",\"position\":2,\"name\":\"Babymassage Booklet\"}]},{\"@type\":\"WebSite\",\"@id\":\"https:\/\/www.massage-bebe.ch\/#website\",\"url\":\"https:\/\/www.massage-bebe.ch\/\",\"name\":\"Lisa Filipe\",\"description\":\"Cours massage b\u00e9b\u00e9 selon la tradition Newar \u00e0 Lausanne\",\"publisher\":{\"@id\":\"https:\/\/www.massage-bebe.ch\/#organization\"},\"potentialAction\":[{\"@type\":\"SearchAction\",\"target\":{\"@type\":\"EntryPoint\",\"urlTemplate\":\"https:\/\/www.massage-bebe.ch\/?s={search_term_string}\"},\"query-input\":\"required name=search_term_string\"}],\"inLanguage\":\"de-CH\"},{\"@type\":\"Organization\",\"@id\":\"https:\/\/www.massage-bebe.ch\/#organization\",\"name\":\"Lisa Filipe - Massage b\u00e9b\u00e9\",\"url\":\"https:\/\/www.massage-bebe.ch\/\",\"logo\":{\"@type\":\"ImageObject\",\"inLanguage\":\"de-CH\",\"@id\":\"https:\/\/www.massage-bebe.ch\/#\/schema\/logo\/image\/\",\"url\":\"https:\/\/i0.wp.com\/www.massage-bebe.ch\/wp-content\/uploads\/2018\/01\/logo-dark.png?fit=1200%2C1151&ssl=1\",\"contentUrl\":\"https:\/\/i0.wp.com\/www.massage-bebe.ch\/wp-content\/uploads\/2018\/01\/logo-dark.png?fit=1200%2C1151&ssl=1\",\"width\":1200,\"height\":1151,\"caption\":\"Lisa Filipe - Massage b\u00e9b\u00e9\"},\"image\":{\"@id\":\"https:\/\/www.massage-bebe.ch\/#\/schema\/logo\/image\/\"},\"sameAs\":[\"https:\/\/www.facebook.com\/Lisa-Filipe-968283666654369\/\",\"https:\/\/www.instagram.com\/lisafilipe.nalu\/\",\"https:\/\/www.linkedin.com\/company\/lisa-filipe\/\",\"https:\/\/www.youtube.com\/channel\/UCK156HcPoNnOuZYHmYRj_RQ\"]}]}<\/script>\n<!-- \/ Yoast SEO plugin. -->","yoast_head_json":{"title":"Babymassage Booklet - Lisa Filipe","robots":{"index":"index","follow":"follow","max-snippet":"max-snippet:-1","max-image-preview":"max-image-preview:large","max-video-preview":"max-video-preview:-1"},"canonical":"https:\/\/www.massage-bebe.ch\/de\/babymassage-booklet\/","og_locale":"de_DE","og_type":"article","og_title":"Babymassage Booklet - Lisa Filipe","og_description":"[vc_section sep_img_width=&#187;100&#8243; el_id=&#187;babymassage&#187;][vc_row row_equal_height=&#187;yes&#187; parallax=&#187;content-moving&#187; santos_section_padding=&#187;padding-150&#8243; sep_img_width=&#187;100&#8243; full_height=&#187;yes&#187; css=&#187;.vc_custom_1519639400473{padding-right: 30px !important;padding-left: 30px !important;background-image: url(https:\/\/massage-bebe.ch\/wp-content\/uploads\/nepalesische-babymassage-lisa-filipe.jpg?id=1892) !important;}&#187; overlay_color=&#187;rgba(0,0,0,0.87)&#187; row_stick_col=&#187;false&#187;][vc_column width=&#187;1\/2&#8243; mobile_order=&#187;1&#8243;][vc_column_text] Kostenloses Booklet: \u00abBabymassage nach Newar-Tradition\u00bb [\/vc_column_text][vc_single_image image=&#187;2738&#8243; img_size=&#187;full&#187; alignment=&#187;center&#187; onclick=&#187;custom_link&#187; link=&#187;#ulp-UMlEf1ApJAL89Ifc&#187;][\/vc_column][vc_column width=&#187;1\/2&#8243; mobile_order=&#187;2&#8243; css=&#187;.vc_custom_1519641685656{padding-right: 30px !important;padding-left: 30px !important;}&#187;][vc_column_text] Wie Babymassage wirkt und eine tiefe Beziehung zu...","og_url":"https:\/\/www.massage-bebe.ch\/de\/babymassage-booklet\/","og_site_name":"Lisa Filipe","article_publisher":"https:\/\/www.facebook.com\/Lisa-Filipe-968283666654369\/","article_modified_time":"2019-03-08T21:42:03+00:00","twitter_card":"summary_large_image","twitter_misc":{"Gesch\u00e4tzte Lesezeit":"1 Minute"},"schema":{"@context":"https:\/\/schema.org","@graph":[{"@type":"WebPage","@id":"https:\/\/www.massage-bebe.ch\/de\/babymassage-booklet\/","url":"https:\/\/www.massage-bebe.ch\/de\/babymassage-booklet\/","name":"Babymassage Booklet - Lisa Filipe","isPartOf":{"@id":"https:\/\/www.massage-bebe.ch\/#website"},"datePublished":"2019-03-06T05:12:48+00:00","dateModified":"2019-03-08T21:42:03+00:00","breadcrumb":{"@id":"https:\/\/www.massage-bebe.ch\/de\/babymassage-booklet\/#breadcrumb"},"inLanguage":"de-CH","potentialAction":[{"@type":"ReadAction","target":["https:\/\/www.massage-bebe.ch\/de\/babymassage-booklet\/"]}]},{"@type":"BreadcrumbList","@id":"https:\/\/www.massage-bebe.ch\/de\/babymassage-booklet\/#breadcrumb","itemListElement":[{"@type":"ListItem","position":1,"name":"Home","item":"https:\/\/www.massage-bebe.ch\/de\/"},{"@type":"ListItem","position":2,"name":"Babymassage Booklet"}]},{"@type":"WebSite","@id":"https:\/\/www.massage-bebe.ch\/#website","url":"https:\/\/www.massage-bebe.ch\/","name":"Lisa Filipe","description":"Cours massage b\u00e9b\u00e9 selon la tradition Newar \u00e0 Lausanne","publisher":{"@id":"https:\/\/www.massage-bebe.ch\/#organization"},"potentialAction":[{"@type":"SearchAction","target":{"@type":"EntryPoint","urlTemplate":"https:\/\/www.massage-bebe.ch\/?s={search_term_string}"},"query-input":"required name=search_term_string"}],"inLanguage":"de-CH"},{"@type":"Organization","@id":"https:\/\/www.massage-bebe.ch\/#organization","name":"Lisa Filipe - Massage b\u00e9b\u00e9","url":"https:\/\/www.massage-bebe.ch\/","logo":{"@type":"ImageObject","inLanguage":"de-CH","@id":"https:\/\/www.massage-bebe.ch\/#\/schema\/logo\/image\/","url":"https:\/\/i0.wp.com\/www.massage-bebe.ch\/wp-content\/uploads\/2018\/01\/logo-dark.png?fit=1200%2C1151&ssl=1","contentUrl":"https:\/\/i0.wp.com\/www.massage-bebe.ch\/wp-content\/uploads\/2018\/01\/logo-dark.png?fit=1200%2C1151&ssl=1","width":1200,"height":1151,"caption":"Lisa Filipe - Massage b\u00e9b\u00e9"},"image":{"@id":"https:\/\/www.massage-bebe.ch\/#\/schema\/logo\/image\/"},"sameAs":["https:\/\/www.facebook.com\/Lisa-Filipe-968283666654369\/","https:\/\/www.instagram.com\/lisafilipe.nalu\/","https:\/\/www.linkedin.com\/company\/lisa-filipe\/","https:\/\/www.youtube.com\/channel\/UCK156HcPoNnOuZYHmYRj_RQ"]}]}},"jetpack_sharing_enabled":true,"jetpack-related-posts":[],"_links":{"self":[{"href":"https:\/\/www.massage-bebe.ch\/de\/wp-json\/wp\/v2\/pages\/2728","targetHints":{"allow":["GET"]}}],"collection":[{"href":"https:\/\/www.massage-bebe.ch\/de\/wp-json\/wp\/v2\/pages"}],"about":[{"href":"https:\/\/www.massage-bebe.ch\/de\/wp-json\/wp\/v2\/types\/page"}],"author":[{"embeddable":true,"href":"https:\/\/www.massage-bebe.ch\/de\/wp-json\/wp\/v2\/users\/1"}],"replies":[{"embeddable":true,"href":"https:\/\/www.massage-bebe.ch\/de\/wp-json\/wp\/v2\/comments?post=2728"}],"version-history":[{"count":0,"href":"https:\/\/www.massage-bebe.ch\/de\/wp-json\/wp\/v2\/pages\/2728\/revisions"}],"wp:attachment":[{"href":"https:\/\/www.massage-bebe.ch\/de\/wp-json\/wp\/v2\/media?parent=2728"}],"curies":[{"name":"wp","href":"https:\/\/api.w.org\/{rel}","templated":true}]}}