{"id":28,"date":"2018-01-06T11:19:16","date_gmt":"2018-01-06T10:19:16","guid":{"rendered":"https:\/\/massage-bebe.ch\/?page_id=28"},"modified":"2022-09-28T13:26:37","modified_gmt":"2022-09-28T11:26:37","slug":"about","status":"publish","type":"page","link":"https:\/\/www.massage-bebe.ch\/de\/about\/","title":{"rendered":"About"},"content":{"rendered":"<p>[vc_section][vc_row row_full_height=&#187;yes&#187; row_fullheight_percent=&#187;80&#8243; sep_img_width=&#187;100&#8243; css=&#187;.vc_custom_1664273916347{background-image: url(https:\/\/massage-bebe.ch\/wp-content\/uploads\/lisa-filipe-aboutjpg.jpg?id=1908) !important;}&#187;][vc_column width=&#187;1\/2&#8243;][vc_column_text]<\/p>\n<h1>Lisa Filipe<\/h1>\n<p>Die Zeit nach der Geburt ist f\u00fcr viele Frauen absolut magisch und gleichzeitig auch herausfordernd.<\/p>\n<p>Meiner Meinung nach lohnt es sich, diese besondere Zeit bewusst zu gestalten, damit du und dein Baby Wohlbefinden geniessen und von Anfang an eine tiefe, liebevolle Beziehung aufbauen k\u00f6nnt.<\/p>\n<p>In Nepal wird daf\u00fcr seit Jahrtausenden Babymassage ab dem ersten Lebenstag praktiziert. Gerne zeige ich dir die Babymassage, damit auch du sie mit deinem Kind anwenden kannst.[\/vc_column_text][\/vc_column][vc_column width=&#187;1\/2&#8243;][\/vc_column][vc_column][vc_row_inner][vc_column_inner][vc_raw_html]JTNDZGl2JTIwaWQlM0QlMjJzY3JvbGwtZm9yLW1vcmUlMjIlMjBjbGFzcyUzRCUyMnNhbnRvc19pY29uX3dyYXAlMjB0ZXh0LWNlbnRlciUyMiUyMHN0eWxlJTNEJTIyJTIwcG9zaXRpb24lM0ElMjBhYnNvbHV0ZSUzQiUyMHdpZHRoJTNBJTIwMTAwJTI1JTNCJTIwcGFkZGluZy10b3AlM0ElMjAxMDBweCUzQiUyMCUyMiUzRSUzQ2ElMjBocmVmJTNEJTIyJTIzbW9yZS1hYm91dC1tZSUyMiUzRSUzQ2klMjBjbGFzcyUzRCUyMmlvbi1pb3MtYXJyb3ctdGhpbi1kb3duJTIwJTIyJTIwc3R5bGUlM0QlMjJjb2xvciUzQSUyMzc3Nzc3NyUzQmZvbnQtc2l6ZSUzQTMwcHglM0J0ZXh0LWFsaWduJTNBJTIwY2VudGVyJTNCJTIwYW5pbWF0aW9uJTNBJTIwTW92ZVVwRG93biUyMDEuNXMlMjBsaW5lYXIlMjBpbmZpbml0ZSUzQiUyMHBvc2l0aW9uJTNBJTIwYWJzb2x1dGUlM0IlMjIlM0UlM0MlMkZpJTNFJTNDJTJGYSUzRSUyMCUzQyUyRmRpdiUzRQ==[\/vc_raw_html][\/vc_column_inner][\/vc_row_inner][\/vc_column][\/vc_row][\/vc_section][vc_section sep_img_width=&#187;100&#8243; el_id=&#187;more-about-me&#187;][vc_row santos_section_padding=&#187;padding-100&#8243; animation=&#187;fade-up&#187; sep_img_width=&#187;100&#8243; gap=&#187;30&#8243; santos_section=&#187;true&#187;][vc_column width=&#187;1\/2&#8243;][vc_single_image image=&#187;4017&#8243; img_size=&#187;full&#187; alignment=&#187;center&#187;][\/vc_column][vc_column width=&#187;1\/2&#8243; css=&#187;.vc_custom_1504206337201{padding-top: 5% !important;padding-right: 8% !important;padding-bottom: 5% !important;padding-left: 8% !important;}&#187;][vc_column_text]<\/p>\n<h2>Ich begleite dich dabei die wertvolle Zeit mit deinem Baby zu geniessen<\/h2>\n<p>[\/vc_column_text][vc_empty_space][vc_column_text]Meine Ausbildungen:<\/p>\n<ul>\n<li>Master of Arts in Social Sciences Anthropology, Migration and Citizenship Studies, Masterarbeit &#171;S\u00e4uglingspflege mit der nepalesischen Babymassage in der Schweiz&#187; (Bestnote)<\/li>\n<li>Fachausbildung Babymassage nach der Methode von Nasma Scheibler-Shrestha in der Newar-Tradition Nepals<\/li>\n<li>Ayurvedische Ern\u00e4hrungsberaterin Intensivausbildung Berufsverband Yoga Vidya<\/li>\n<li>Vegane Koch-Intensivausbildung Berufsverband Yoga Vidya<\/li>\n<li>Integrative Nutrition Health Coach Ausbildung beim Institute of Integrative Nutrition<\/li>\n<\/ul>\n<p>Ich freue mich, dich auf deinem Weg zu begleiten.[\/vc_column_text][\/vc_column][\/vc_row][\/vc_section][vc_section sep_img_width=&#187;100&#8243; css=&#187;.vc_custom_1517407526771{padding-top: 100px !important;padding-bottom: 100px !important;background-color: #eeeeee !important;}&#187;][vc_row sep_img_width=&#187;100&#8243;][vc_column width=&#187;1\/3&#8243;][vc_single_image image=&#187;1917&#8243; img_size=&#187;full&#187;][vc_column_text]<\/p>\n<p style=\"text-align: center;\"><span style=\"color: #333333;\">Master of Arts in Social Sciences<br \/>\nAnthropology, Migration and Citizenship Studies<br \/>\n<\/span><\/p>\n<p>[\/vc_column_text][\/vc_column][vc_column width=&#187;1\/3&#8243;][vc_single_image image=&#187;1914&#8243; img_size=&#187;full&#187;][vc_column_text]<\/p>\n<p style=\"text-align: center;\"><span style=\"color: #333333;\">Fachausbildung Babymassage nach der Methode von Nasma Scheibler-Shrestha in der Newar-Tradition Nepals, kurz BMN<\/span><\/p>\n<p>[\/vc_column_text][\/vc_column][vc_column width=&#187;1\/3&#8243;][vc_single_image image=&#187;6592&#8243; img_size=&#187;full&#187;][vc_column_text]<\/p>\n<p style=\"text-align: center;\"><span style=\"color: #333333;\">Institute of Integrative Nutrition, Integrative Nutrition Health Coach<\/span><\/p>\n<p>[\/vc_column_text][\/vc_column][\/vc_row][\/vc_section][vc_section sep_img_width=&#187;100&#8243; css=&#187;.vc_custom_1517408013879{padding-top: 0px !important;}&#187;][vc_row row_equal_height=&#187;yes&#187; sep_img_width=&#187;100&#8243; full_width=&#187;stretch_row_content_no_spaces&#187; equal_height=&#187;yes&#187; el_class=&#187;fp-auto-height&#187;][vc_column width=&#187;1\/2&#8243; padding_behaviour=&#187;mobile_remove_padding&#187; animation=&#187;fade-right&#187; css=&#187;.vc_custom_1517411589639{padding-top: 100px !important;padding-right: 75px !important;padding-bottom: 100px !important;padding-left: 75px !important;}&#187;][vc_empty_space height=&#187;100px&#187; behaviour=&#187;mobile_remove_space&#187;][vc_column_text]<\/p>\n<h2>Die wundervollen Wirkungen der Newar-Babymassage<\/h2>\n<p>[\/vc_column_text][vc_empty_space height=&#187;20px&#187;][vc_column_text]Die Babymassage nach Newar-Tradition wurde von Nasma Scheibler-Shrestha in die Schweiz gebracht und zusammen mit Experten weiterentwickelt. Daraus ist eine Methode mit 53 Schritten entstanden. Jeder Schritt ist genau \u00fcberlegt und hat bei richtiger Ausf\u00fchrung tiefgreifende Wirkungen. Die Babys k\u00f6nnen ab der Geburt in den Genuss dieser Massage kommen und von den vielseitigen Wirkungen profitieren.<\/p>\n<p>In erster Linie ist die Babymassage wunderbar f\u00fcr die St\u00e4rkung einer liebevollen Beziehung zwischen dem massierenden Elternteil und dem Kind. Auch f\u00fcr V\u00e4ter bietet sie eine gute M\u00f6glichkeit, das Neugeborene kennenzulernen und ihm n\u00e4her zu kommen. Dazu kommen zahlreiche gesundheitliche Vorteile f\u00fcr das Kind \u2013 auf k\u00f6rperlicher und emotionaler Ebene. Unter anderem k\u00f6nnen die Atmung und Verdauung stimuliert, der Schlaf gef\u00f6rdert, das Nervensystem ausbalanciert, die Blutzirkulation angeregt, Verspannungen gel\u00f6st, Geburtstraumata gelindert und Selbstvertrauen gest\u00e4rkt werden. Ebenso fungiert die Babymassage als \u00dcbergangsritual f\u00fcr den Eintritt des Babys in diese Welt.[\/vc_column_text][\/vc_column][vc_column width=&#187;1\/2&#8243; animation=&#187;fade-left&#187; css=&#187;.vc_custom_1664274095218{padding-top: 0px !important;background-image: url(https:\/\/massage-bebe.ch\/wp-content\/uploads\/Foto-Benefit1-Beziehung-zum-Kind-st\u00e4rken.jpg?id=1898) !important;}&#187; offset=&#187;vc_hidden-sm vc_hidden-xs&#187;][\/vc_column][\/vc_row][vc_row sep_img_width=&#187;100&#8243; full_width=&#187;stretch_row_content_no_spaces&#187; equal_height=&#187;yes&#187; el_class=&#187;fp-auto-height&#187;][vc_column width=&#187;1\/2&#8243; animation=&#187;fade-right&#187; offset=&#187;vc_hidden-sm vc_hidden-xs&#187;][vc_single_image image=&#187;6209&#8243; img_size=&#187;large&#187;][\/vc_column][vc_column width=&#187;1\/2&#8243; padding_behaviour=&#187;mobile_remove_padding&#187; animation=&#187;fade-left&#187; css=&#187;.vc_custom_1517411671282{padding-top: 100px !important;padding-right: 75px !important;padding-bottom: 100px !important;padding-left: 75px !important;}&#187;][vc_empty_space height=&#187;100px&#187; behaviour=&#187;mobile_remove_space&#187;][vc_column_text]<\/p>\n<h2>Mein pers\u00f6nlicher Weg<\/h2>\n<p>[\/vc_column_text][vc_empty_space height=&#187;20px&#187;][vc_column_text]Schon seit ich klein bin, begleitet mich der Wunsch, anderen Menschen zu helfen. Deshalb habe ich mich stets f\u00fcr soziale Themen interessiert und mich in diversen Integrations- und Friedensprojekten engagiert. Es war naheliegend, dass ich mich im Sozialbereich ausbildete. \u00dcber mein Masterstudium in Ethnologie an der Universit\u00e4t Neuenburg bin ich auf die Babymassage nach Newar-Tradition gestossen. Ich habe mich im Rahmen meiner Masterarbeit vertieft mit ihrer Weiterentwicklung und Nutzung in der Schweiz befasst. Meine Begeisterung f\u00fcr dieses kostbare Wissen wurde stets gr\u00f6sser. Endlich hatte ich gefunden, wonach ich so lange gesucht hatte: Einen Weg, mit dem bereits ganz am Anfang im Leben eines Menschen<br \/>\ndas Selbstwertgef\u00fchl gest\u00e4rkt und die ganzheitliche Gesundheit gef\u00f6rdert werden kann. Ich wusste, dass ich dieses theoretische Wissen unbedingt in Praxis umsetzen wollte. So habe ich anschliessend an mein Studium die Fachausbildung zur Kursleiterin f\u00fcr Babymassage nach Newar-Tradition in Z\u00fcrich absolviert. Zahlreiche Eltern haben bereits von mit gelernt, wie sie ihr Kind massieren k\u00f6nnen. Im Jahr 2019 wurde ich selbst Mutter und durfte erleben, wie wundervoll es ist, meine eigene Tochter regelm\u00e4ssig zu massieren, damit selbst immer wieder zur Ruhe zu kommen und eine tiefe Verbindung zu ihr aufzubauen.[\/vc_column_text][\/vc_column][\/vc_row][\/vc_section][vc_section animation=&#187;fade-up&#187; sep_img_width=&#187;100&#8243; css=&#187;.vc_custom_1517411901875{padding-top: 0px !important;}&#187;][vc_row sep_img_width=&#187;100&#8243;][vc_column css=&#187;.vc_custom_1596880106648{padding-bottom: 100px !important;}&#187;][vc_column_text]<\/p>\n<h2 style=\"text-align: center;\">Lass mich dich auf deinem Weg begleiten<\/h2>\n<p>[\/vc_column_text][\/vc_column][\/vc_row][\/vc_section]<\/p>\n","protected":false},"excerpt":{"rendered":"<p>[vc_section][vc_row row_full_height=&#187;yes&#187; row_fullheight_percent=&#187;80&#8243; sep_img_width=&#187;100&#8243; css=&#187;.vc_custom_1664273916347{background-image: url(https:\/\/massage-bebe.ch\/wp-content\/uploads\/lisa-filipe-aboutjpg.jpg?id=1908) !important;}&#187;][vc_column width=&#187;1\/2&#8243;][vc_column_text] Lisa Filipe Die Zeit nach der Geburt ist f\u00fcr viele Frauen absolut magisch und gleichzeitig auch herausfordernd. Meiner Meinung nach lohnt es sich, diese besondere Zeit bewusst zu gestalten, damit du und dein Baby Wohlbefinden geniessen und&#8230;<\/p>\n","protected":false},"author":1,"featured_media":0,"parent":0,"menu_order":0,"comment_status":"closed","ping_status":"closed","template":"","meta":{"jetpack_post_was_ever_published":false,"footnotes":""},"class_list":["post-28","page","type-page","status-publish","hentry"],"yoast_head":"<!-- This site is optimized with the Yoast SEO plugin v22.1 - https:\/\/yoast.com\/wordpress\/plugins\/seo\/ -->\n<title>\u00dcber Babymassage Kurse bei Lisa Filipe<\/title>\n<meta name=\"robots\" content=\"index, follow, max-snippet:-1, max-image-preview:large, max-video-preview:-1\" \/>\n<link rel=\"canonical\" href=\"https:\/\/www.massage-bebe.ch\/de\/about\/\" \/>\n<meta property=\"og:locale\" content=\"de_DE\" \/>\n<meta property=\"og:type\" content=\"article\" \/>\n<meta property=\"og:title\" content=\"\u00dcber Babymassage Kurse bei Lisa Filipe\" \/>\n<meta property=\"og:description\" content=\"[vc_section][vc_row row_full_height=&#187;yes&#187; row_fullheight_percent=&#187;80&#8243; sep_img_width=&#187;100&#8243; css=&#187;.vc_custom_1664273916347{background-image: url(https:\/\/massage-bebe.ch\/wp-content\/uploads\/lisa-filipe-aboutjpg.jpg?id=1908) !important;}&#187;][vc_column width=&#187;1\/2&#8243;][vc_column_text] Lisa Filipe Die Zeit nach der Geburt ist f\u00fcr viele Frauen absolut magisch und gleichzeitig auch herausfordernd. Meiner Meinung nach lohnt es sich, diese besondere Zeit bewusst zu gestalten, damit du und dein Baby Wohlbefinden geniessen und...\" \/>\n<meta property=\"og:url\" content=\"https:\/\/www.massage-bebe.ch\/de\/about\/\" \/>\n<meta property=\"og:site_name\" content=\"Lisa Filipe\" \/>\n<meta property=\"article:publisher\" content=\"https:\/\/www.facebook.com\/Lisa-Filipe-968283666654369\/\" \/>\n<meta property=\"article:modified_time\" content=\"2022-09-28T11:26:37+00:00\" \/>\n<meta name=\"twitter:card\" content=\"summary_large_image\" \/>\n<meta name=\"twitter:label1\" content=\"Gesch\u00e4tzte Lesezeit\" \/>\n\t<meta name=\"twitter:data1\" content=\"4 Minuten\" \/>\n<script type=\"application\/ld+json\" class=\"yoast-schema-graph\">{\"@context\":\"https:\/\/schema.org\",\"@graph\":[{\"@type\":\"WebPage\",\"@id\":\"https:\/\/www.massage-bebe.ch\/de\/about\/\",\"url\":\"https:\/\/www.massage-bebe.ch\/de\/about\/\",\"name\":\"\u00dcber Babymassage Kurse bei Lisa Filipe\",\"isPartOf\":{\"@id\":\"https:\/\/www.massage-bebe.ch\/#website\"},\"datePublished\":\"2018-01-06T10:19:16+00:00\",\"dateModified\":\"2022-09-28T11:26:37+00:00\",\"breadcrumb\":{\"@id\":\"https:\/\/www.massage-bebe.ch\/de\/about\/#breadcrumb\"},\"inLanguage\":\"de-CH\",\"potentialAction\":[{\"@type\":\"ReadAction\",\"target\":[\"https:\/\/www.massage-bebe.ch\/de\/about\/\"]}]},{\"@type\":\"BreadcrumbList\",\"@id\":\"https:\/\/www.massage-bebe.ch\/de\/about\/#breadcrumb\",\"itemListElement\":[{\"@type\":\"ListItem\",\"position\":1,\"name\":\"Home\",\"item\":\"https:\/\/www.massage-bebe.ch\/de\/\"},{\"@type\":\"ListItem\",\"position\":2,\"name\":\"About\"}]},{\"@type\":\"WebSite\",\"@id\":\"https:\/\/www.massage-bebe.ch\/#website\",\"url\":\"https:\/\/www.massage-bebe.ch\/\",\"name\":\"Lisa Filipe\",\"description\":\"Cours massage b\u00e9b\u00e9 selon la tradition Newar \u00e0 Lausanne\",\"publisher\":{\"@id\":\"https:\/\/www.massage-bebe.ch\/#organization\"},\"potentialAction\":[{\"@type\":\"SearchAction\",\"target\":{\"@type\":\"EntryPoint\",\"urlTemplate\":\"https:\/\/www.massage-bebe.ch\/?s={search_term_string}\"},\"query-input\":\"required name=search_term_string\"}],\"inLanguage\":\"de-CH\"},{\"@type\":\"Organization\",\"@id\":\"https:\/\/www.massage-bebe.ch\/#organization\",\"name\":\"Lisa Filipe - Massage b\u00e9b\u00e9\",\"url\":\"https:\/\/www.massage-bebe.ch\/\",\"logo\":{\"@type\":\"ImageObject\",\"inLanguage\":\"de-CH\",\"@id\":\"https:\/\/www.massage-bebe.ch\/#\/schema\/logo\/image\/\",\"url\":\"https:\/\/i0.wp.com\/www.massage-bebe.ch\/wp-content\/uploads\/2018\/01\/logo-dark.png?fit=1200%2C1151&ssl=1\",\"contentUrl\":\"https:\/\/i0.wp.com\/www.massage-bebe.ch\/wp-content\/uploads\/2018\/01\/logo-dark.png?fit=1200%2C1151&ssl=1\",\"width\":1200,\"height\":1151,\"caption\":\"Lisa Filipe - Massage b\u00e9b\u00e9\"},\"image\":{\"@id\":\"https:\/\/www.massage-bebe.ch\/#\/schema\/logo\/image\/\"},\"sameAs\":[\"https:\/\/www.facebook.com\/Lisa-Filipe-968283666654369\/\",\"https:\/\/www.instagram.com\/lisafilipe.nalu\/\",\"https:\/\/www.linkedin.com\/company\/lisa-filipe\/\",\"https:\/\/www.youtube.com\/channel\/UCK156HcPoNnOuZYHmYRj_RQ\"]}]}<\/script>\n<!-- \/ Yoast SEO plugin. -->","yoast_head_json":{"title":"\u00dcber Babymassage Kurse bei Lisa Filipe","robots":{"index":"index","follow":"follow","max-snippet":"max-snippet:-1","max-image-preview":"max-image-preview:large","max-video-preview":"max-video-preview:-1"},"canonical":"https:\/\/www.massage-bebe.ch\/de\/about\/","og_locale":"de_DE","og_type":"article","og_title":"\u00dcber Babymassage Kurse bei Lisa Filipe","og_description":"[vc_section][vc_row row_full_height=&#187;yes&#187; row_fullheight_percent=&#187;80&#8243; sep_img_width=&#187;100&#8243; css=&#187;.vc_custom_1664273916347{background-image: url(https:\/\/massage-bebe.ch\/wp-content\/uploads\/lisa-filipe-aboutjpg.jpg?id=1908) !important;}&#187;][vc_column width=&#187;1\/2&#8243;][vc_column_text] Lisa Filipe Die Zeit nach der Geburt ist f\u00fcr viele Frauen absolut magisch und gleichzeitig auch herausfordernd. Meiner Meinung nach lohnt es sich, diese besondere Zeit bewusst zu gestalten, damit du und dein Baby Wohlbefinden geniessen und...","og_url":"https:\/\/www.massage-bebe.ch\/de\/about\/","og_site_name":"Lisa Filipe","article_publisher":"https:\/\/www.facebook.com\/Lisa-Filipe-968283666654369\/","article_modified_time":"2022-09-28T11:26:37+00:00","twitter_card":"summary_large_image","twitter_misc":{"Gesch\u00e4tzte Lesezeit":"4 Minuten"},"schema":{"@context":"https:\/\/schema.org","@graph":[{"@type":"WebPage","@id":"https:\/\/www.massage-bebe.ch\/de\/about\/","url":"https:\/\/www.massage-bebe.ch\/de\/about\/","name":"\u00dcber Babymassage Kurse bei Lisa Filipe","isPartOf":{"@id":"https:\/\/www.massage-bebe.ch\/#website"},"datePublished":"2018-01-06T10:19:16+00:00","dateModified":"2022-09-28T11:26:37+00:00","breadcrumb":{"@id":"https:\/\/www.massage-bebe.ch\/de\/about\/#breadcrumb"},"inLanguage":"de-CH","potentialAction":[{"@type":"ReadAction","target":["https:\/\/www.massage-bebe.ch\/de\/about\/"]}]},{"@type":"BreadcrumbList","@id":"https:\/\/www.massage-bebe.ch\/de\/about\/#breadcrumb","itemListElement":[{"@type":"ListItem","position":1,"name":"Home","item":"https:\/\/www.massage-bebe.ch\/de\/"},{"@type":"ListItem","position":2,"name":"About"}]},{"@type":"WebSite","@id":"https:\/\/www.massage-bebe.ch\/#website","url":"https:\/\/www.massage-bebe.ch\/","name":"Lisa Filipe","description":"Cours massage b\u00e9b\u00e9 selon la tradition Newar \u00e0 Lausanne","publisher":{"@id":"https:\/\/www.massage-bebe.ch\/#organization"},"potentialAction":[{"@type":"SearchAction","target":{"@type":"EntryPoint","urlTemplate":"https:\/\/www.massage-bebe.ch\/?s={search_term_string}"},"query-input":"required name=search_term_string"}],"inLanguage":"de-CH"},{"@type":"Organization","@id":"https:\/\/www.massage-bebe.ch\/#organization","name":"Lisa Filipe - Massage b\u00e9b\u00e9","url":"https:\/\/www.massage-bebe.ch\/","logo":{"@type":"ImageObject","inLanguage":"de-CH","@id":"https:\/\/www.massage-bebe.ch\/#\/schema\/logo\/image\/","url":"https:\/\/i0.wp.com\/www.massage-bebe.ch\/wp-content\/uploads\/2018\/01\/logo-dark.png?fit=1200%2C1151&ssl=1","contentUrl":"https:\/\/i0.wp.com\/www.massage-bebe.ch\/wp-content\/uploads\/2018\/01\/logo-dark.png?fit=1200%2C1151&ssl=1","width":1200,"height":1151,"caption":"Lisa Filipe - Massage b\u00e9b\u00e9"},"image":{"@id":"https:\/\/www.massage-bebe.ch\/#\/schema\/logo\/image\/"},"sameAs":["https:\/\/www.facebook.com\/Lisa-Filipe-968283666654369\/","https:\/\/www.instagram.com\/lisafilipe.nalu\/","https:\/\/www.linkedin.com\/company\/lisa-filipe\/","https:\/\/www.youtube.com\/channel\/UCK156HcPoNnOuZYHmYRj_RQ"]}]}},"jetpack_sharing_enabled":true,"jetpack-related-posts":[],"_links":{"self":[{"href":"https:\/\/www.massage-bebe.ch\/de\/wp-json\/wp\/v2\/pages\/28","targetHints":{"allow":["GET"]}}],"collection":[{"href":"https:\/\/www.massage-bebe.ch\/de\/wp-json\/wp\/v2\/pages"}],"about":[{"href":"https:\/\/www.massage-bebe.ch\/de\/wp-json\/wp\/v2\/types\/page"}],"author":[{"embeddable":true,"href":"https:\/\/www.massage-bebe.ch\/de\/wp-json\/wp\/v2\/users\/1"}],"replies":[{"embeddable":true,"href":"https:\/\/www.massage-bebe.ch\/de\/wp-json\/wp\/v2\/comments?post=28"}],"version-history":[{"count":4,"href":"https:\/\/www.massage-bebe.ch\/de\/wp-json\/wp\/v2\/pages\/28\/revisions"}],"predecessor-version":[{"id":11566,"href":"https:\/\/www.massage-bebe.ch\/de\/wp-json\/wp\/v2\/pages\/28\/revisions\/11566"}],"wp:attachment":[{"href":"https:\/\/www.massage-bebe.ch\/de\/wp-json\/wp\/v2\/media?parent=28"}],"curies":[{"name":"wp","href":"https:\/\/api.w.org\/{rel}","templated":true}]}}